{"id":3,"date":"2022-04-20T22:45:23","date_gmt":"2022-04-20T20:45:23","guid":{"rendered":"http:\/\/placedunumerique.com\/?page_id=3"},"modified":"2022-07-15T01:40:23","modified_gmt":"2022-07-14T23:40:23","slug":"politique-de-confidentialite","status":"publish","type":"page","link":"https:\/\/placedunumerique.com\/index.php\/politique-de-confidentialite\/","title":{"rendered":"Mentions l\u00e9gales"},"content":{"rendered":"\n<h1 class=\"wp-block-heading\">Mentions l\u00e9gales<\/h1>\n\n\n\n<div style=\"height:60px\" aria-hidden=\"true\" class=\"wp-block-spacer\"><\/div>\n\n\n\n<h4 class=\"wp-block-heading\">ARTICLE 1 : L\u2019\u00e9diteur<\/h4>\n\n\n\n<div style=\"height:21px\" aria-hidden=\"true\" class=\"wp-block-spacer\"><\/div>\n\n\n\n<p>L\u2019\u00e9dition et la direction de la publication du site\u00a0<strong><a rel=\"noreferrer noopener\" href=\"http:\/\/www.placedunumerique.com\" target=\"_blank\">www.placedunumerique.com<\/a><\/strong><\/p>\n\n\n\n<div style=\"height:21px\" aria-hidden=\"true\" class=\"wp-block-spacer\"><\/div>\n\n\n\n<p><strong>Place du Num\u00e9rique<\/strong><\/p>\n\n\n\n<p>9 avenue de France, 91300, Massy,<\/p>\n\n\n\n<p><strong>Directeur de publication\u00a0: <\/strong>Myriam LHAROUR-BA<\/p>\n\n\n\n<p>T\u00e9l. 01 60 10 22 34\u00a0<\/p>\n\n\n\n<p>E-mail.\u00a0<strong><a href=\"mailto:bienvenue@placedunumerique.com\">bienvenue@placedunumerique.com<\/a><\/strong><\/p>\n\n\n\n<div style=\"height:60px\" aria-hidden=\"true\" class=\"wp-block-spacer\"><\/div>\n\n\n\n<h4 class=\"wp-block-heading\">ARTICLE 2 : H\u00e9bergement et cr\u00e9ation<\/h4>\n\n\n\n<div style=\"height:21px\" aria-hidden=\"true\" class=\"wp-block-spacer\"><\/div>\n\n\n\n<p><strong>H\u00e9bergement:<\/strong><\/p>\n\n\n\n<p><strong>&nbsp;OVH,&nbsp;<\/strong><\/p>\n\n\n\n<p>SAS au capital de 10 069 020 \u20ac<br>RCS Lille M\u00e9tropole 424 761 419 00045<br>Code APE 2620Z<br>N\u00b0 TVA : FR 22 424 761 419<br>Si\u00e8ge social : 2 rue Kellermann \u2013 59100 ROUBAIX \u2013 France<\/p>\n\n\n\n<p>OVH SAS est une filiale de la soci\u00e9t\u00e9 OVH Groupe SAS, soci\u00e9t\u00e9 immatricul\u00e9e au RCS de Lille sous le num\u00e9ro 537 407 926 sise 2, rue Kellermann, 59100 ROUBAIX.<\/p>\n\n\n\n<div style=\"height:21px\" aria-hidden=\"true\" class=\"wp-block-spacer\"><\/div>\n\n\n\n<p><strong>Cr\u00e9ation graphique et d\u00e9veloppement :<\/strong><\/p>\n\n\n\n<p><strong>BEAU BOULOT EDWARD,<\/strong><\/p>\n\n\n\n<p><a href=\"http:\/\/www.bbe-communication.com\/\">www.bbe-communication.com<\/a><\/p>\n\n\n\n<p>julien@bbe-communication.com<\/p>\n\n\n\n<div style=\"height:60px\" aria-hidden=\"true\" class=\"wp-block-spacer\"><\/div>\n\n\n\n<h4 class=\"wp-block-heading\">ARTICLE 3 : Acc\u00e8s au site<\/h4>\n\n\n\n<div style=\"height:21px\" aria-hidden=\"true\" class=\"wp-block-spacer\"><\/div>\n\n\n\n<p>Le site est accessible par tout endroit, 7j\/7, 24h\/24 sauf cas de force majeure, interruption programm\u00e9e ou non et pouvant d\u00e9coulant d\u2019une n\u00e9cessit\u00e9 de maintenance.<\/p>\n\n\n\n<p>En cas de modification, interruption ou suspension des services le site\u00a0<a href=\"http:\/\/www.placedunumerique.com\">www.placedunumerique.com<\/a><strong>\u00a0<\/strong>ne saurait \u00eatre tenu responsable.<\/p>\n\n\n\n<div style=\"height:60px\" aria-hidden=\"true\" class=\"wp-block-spacer\"><\/div>\n\n\n\n<h4 class=\"wp-block-heading\">ARTICLE 4 : Propri\u00e9t\u00e9 intellectuelle<\/h4>\n\n\n\n<div style=\"height:21px\" aria-hidden=\"true\" class=\"wp-block-spacer\"><\/div>\n\n\n\n<p>Toute utilisation, reproduction, diffusion, commercialisation, modification de toute ou partie du site\u00a0<a href=\"http:\/\/www.placedunumerique.com\">www.placedunumerique.com<\/a>, sans autorisation de l\u2019Editeur est prohib\u00e9e et pourra entra\u00een\u00e9e des actions et poursuites judiciaires telles que notamment pr\u00e9vues par le Code de la propri\u00e9t\u00e9 intellectuelle et le Code civil.<\/p>\n\n\n\n<div style=\"height:60px\" aria-hidden=\"true\" class=\"wp-block-spacer\"><\/div>\n","protected":false},"excerpt":{"rendered":"<p>Mentions l\u00e9gales ARTICLE 1 : L\u2019\u00e9diteur L\u2019\u00e9dition et la direction de la publication du site\u00a0www.placedunumerique.com Place du Num\u00e9rique 9 avenue de France, 91300, Massy, Directeur de publication\u00a0: Myriam LHAROUR-BA T\u00e9l. 01 60 10 22 34\u00a0 E-mail.\u00a0bienvenue@placedunumerique.com ARTICLE 2 : H\u00e9bergement et cr\u00e9ation H\u00e9bergement: &nbsp;OVH,&nbsp; SAS&#8230;<\/p>\n","protected":false},"author":1,"featured_media":0,"parent":0,"menu_order":0,"comment_status":"closed","ping_status":"open","template":"","meta":{"_EventAllDay":false,"_EventTimezone":"","_EventStartDate":"","_EventEndDate":"","_EventStartDateUTC":"","_EventEndDateUTC":"","_EventShowMap":false,"_EventShowMapLink":false,"_EventURL":"","_EventCost":"","_EventCostDescription":"","_EventCurrencySymbol":"","_EventCurrencyCode":"","_EventCurrencyPosition":"","_EventDateTimeSeparator":"","_EventTimeRangeSeparator":"","_EventOrganizerID":[],"_EventVenueID":[],"_OrganizerEmail":"","_OrganizerPhone":"","_OrganizerWebsite":"","_VenueAddress":"","_VenueCity":"","_VenueCountry":"","_VenueProvince":"","_VenueState":"","_VenueZip":"","_VenuePhone":"","_VenueURL":"","_VenueStateProvince":"","_VenueLat":"","_VenueLng":"","_VenueShowMap":false,"_VenueShowMapLink":false,"footnotes":""},"class_list":["post-3","page","type-page","status-publish","hentry"],"_links":{"self":[{"href":"https:\/\/placedunumerique.com\/index.php\/wp-json\/wp\/v2\/pages\/3","targetHints":{"allow":["GET"]}}],"collection":[{"href":"https:\/\/placedunumerique.com\/index.php\/wp-json\/wp\/v2\/pages"}],"about":[{"href":"https:\/\/placedunumerique.com\/index.php\/wp-json\/wp\/v2\/types\/page"}],"author":[{"embeddable":true,"href":"https:\/\/placedunumerique.com\/index.php\/wp-json\/wp\/v2\/users\/1"}],"replies":[{"embeddable":true,"href":"https:\/\/placedunumerique.com\/index.php\/wp-json\/wp\/v2\/comments?post=3"}],"version-history":[{"count":7,"href":"https:\/\/placedunumerique.com\/index.php\/wp-json\/wp\/v2\/pages\/3\/revisions"}],"predecessor-version":[{"id":1323,"href":"https:\/\/placedunumerique.com\/index.php\/wp-json\/wp\/v2\/pages\/3\/revisions\/1323"}],"wp:attachment":[{"href":"https:\/\/placedunumerique.com\/index.php\/wp-json\/wp\/v2\/media?parent=3"}],"curies":[{"name":"wp","href":"https:\/\/api.w.org\/{rel}","templated":true}]}}